{"id":4090,"date":"2019-06-29T15:44:35","date_gmt":"2019-06-29T12:44:35","guid":{"rendered":"http:\/\/agometal.tk\/?page_id=4090"},"modified":"2019-11-08T13:57:05","modified_gmt":"2019-11-08T10:57:05","slug":"iletisim","status":"publish","type":"page","link":"https:\/\/www.agometal.com\/tr\/iletisim\/","title":{"rendered":"\u0130leti\u015fim"},"content":{"rendered":"<p><\/p>\n<p>[vc_row full_width=&#8221;stretch_row_content_no_spaces&#8221;][vc_column][vc_gmaps link=&#8221;#E-8_JTNDaWZyYW1lJTIwc3JjJTNEJTIyaHR0cHMlM0ElMkYlMkZ3d3cuZ29vZ2xlLmNvbSUyRm1hcHMlMkZlbWJlZCUzRnBiJTNEJTIxMW0xOCUyMTFtMTIlMjExbTMlMjExZDMwMTkuODcxMjkxODMxNjA3JTIxMmQyOS40NTYwMzIzMTU2NTc2NyUyMTNkNDAuODA4ODIyMDM5NjIyODk2JTIxMm0zJTIxMWYwJTIxMmYwJTIxM2YwJTIxM20yJTIxMWkxMDI0JTIxMmk3NjglMjE0ZjEzLjElMjEzbTMlMjExbTIlMjExczB4MTRjYjIwZGMyNjAyMzQ4ZiUyNTNBMHg1MjY5NTQ3ZGEyOWJhYmNhJTIxMnNTdWx0YW4lMjUyME9yaGFuJTI1MkMlMjUyMDExNzAuJTI1MjBTay4lMjUyME5vJTI1M0ExNCUyNTJDJTI1MjA0MTQwMCUyNTIwR2ViemUlMjUyRktvY2FlbGklMjE1ZTAlMjEzbTIlMjExc3RyJTIxMnN0ciUyMTR2MTU3MzE5ODY3NTM2NyUyMTVtMiUyMTFzdHIlMjEyc3RyJTIyJTIwd2lkdGglM0QlMjI2MDAlMjIlMjBoZWlnaHQlM0QlMjI0NTAlMjIlMjBmcmFtZWJvcmRlciUzRCUyMjAlMjIlMjBzdHlsZSUzRCUyMmJvcmRlciUzQTAlMjIlMjBhbGxvd2Z1bGxzY3JlZW4lM0UlM0MlMkZpZnJhbWUlM0U=&#8221;][\/vc_column][\/vc_row][vc_row][vc_column]<div class=\"mf-empty-space \" style=\"\"><div class=\"mf_empty_space_lg\"  style=\"height: 80px\"><\/div><div class=\"mf_empty_space_md\"  style=\"height: 50px\"><\/div><div class=\"mf_empty_space_xs\"  style=\"height: 50px\"><\/div><\/div>[\/vc_column][\/vc_row][vc_row][vc_column]<div class=\"mf-section-title text-left dark large-size \"><h2 >\u0130leti\u015fim Bilgilerimiz<\/h2><\/div>[\/vc_column][\/vc_row][vc_row][vc_column width=&#8221;1\/3&#8243;]<div class=\"mf-empty-space \" style=\"\"><div class=\"mf_empty_space_lg\"  style=\"height: 25px\"><\/div><div class=\"mf_empty_space_md\"  style=\"height: 25px\"><\/div><div class=\"mf_empty_space_xs\"  style=\"height: 25px\"><\/div><\/div><div class=\"mf-contact-box clearfix \"><div class=\"mf-section-title text-left dark medium-size \"><h2 >\u0130leti\u015fim Bilgilerimiz<\/h2><\/div><div class=\"contact-info address\"><i class=\"flaticon-arrow\"><\/i><div><span>Adres<\/span> Sultan Orhan Mh. 1170 Sk. No 14<br \/>\nGebze\/Kocaeli 41400<\/div><\/div><div class=\"contact-info phone\"><i class=\"fa fa-phone\"><\/i><div><span>Telefon:<\/span> +90 262 646 64 23<\/div><\/div><div class=\"contact-info email\"><i class=\"flaticon-note\"><\/i><div><span>E-Posta:<\/span> info@agometal.com<\/div><\/div><ul class=\"contact-social\"><\/ul><\/div><div class=\"mf-empty-space \" style=\"\"><div class=\"mf_empty_space_lg\"  style=\"height: 80px\"><\/div><div class=\"mf_empty_space_md\"  style=\"height: 50px\"><\/div><div class=\"mf_empty_space_xs\"  style=\"height: 50px\"><\/div><\/div>[\/vc_column][vc_column width=&#8221;2\/3&#8243;]<div class=\"mf-empty-space \" style=\"\"><div class=\"mf_empty_space_lg\"  style=\"height: 25px\"><\/div><div class=\"mf_empty_space_md\"  style=\"height: 25px\"><\/div><div class=\"mf_empty_space_xs\"  style=\"height: 25px\"><\/div><\/div><div class=\"mf-section-title text-center dark medium-size \"><h2 >L\u00fctfen Bizimle \u0130leti\u015fime ge\u00e7in<\/h2><\/div><div class=\"mf-empty-space \" style=\"\"><div class=\"mf_empty_space_lg\"  style=\"height: 25px\"><\/div><div class=\"mf_empty_space_md\"  style=\"height: 25px\"><\/div><div class=\"mf_empty_space_xs\"  style=\"height: 25px\"><\/div><\/div><div class=\"mf-contact-form-7 form-light \" style=\"\"><div role=\"form\" class=\"wpcf7\" id=\"wpcf7-f1324-o1\" lang=\"en-US\" dir=\"ltr\">\n<div class=\"screen-reader-response\"><p role=\"status\" aria-live=\"polite\" aria-atomic=\"true\"><\/p> <ul><\/ul><\/div>\n<form action=\"\/tr\/wp-json\/wp\/v2\/pages\/4090#wpcf7-f1324-o1\" method=\"post\" class=\"wpcf7-form init\" novalidate=\"novalidate\" data-status=\"init\">\n<div style=\"display: none;\">\n<input type=\"hidden\" name=\"_wpcf7\" value=\"1324\" \/>\n<input type=\"hidden\" name=\"_wpcf7_version\" value=\"5.3.2\" \/>\n<input type=\"hidden\" name=\"_wpcf7_locale\" value=\"en_US\" \/>\n<input type=\"hidden\" name=\"_wpcf7_unit_tag\" value=\"wpcf7-f1324-o1\" \/>\n<input type=\"hidden\" name=\"_wpcf7_container_post\" value=\"0\" \/>\n<input type=\"hidden\" name=\"_wpcf7_posted_data_hash\" value=\"\" \/>\n<\/div>\n<div class=\"mf-form mf-form-2\">\n<div class=\"row\">\n<div class=\"col-md-6 col-xs-12 col-sm-12 mf-input-field\">\n<p><span class=\"wpcf7-form-control-wrap your-name\"><input type=\"text\" name=\"your-name\" value=\"\" size=\"40\" class=\"wpcf7-form-control wpcf7-text wpcf7-validates-as-required\" aria-required=\"true\" aria-invalid=\"false\" placeholder=\"Ad\u0131n\u0131z*\" \/><\/span><\/p>\n<p><span class=\"wpcf7-form-control-wrap your-email\"><input type=\"email\" name=\"your-email\" value=\"\" size=\"40\" class=\"wpcf7-form-control wpcf7-text wpcf7-email wpcf7-validates-as-required wpcf7-validates-as-email\" aria-required=\"true\" aria-invalid=\"false\" placeholder=\"Email Adresi*\" \/><\/span><\/p>\n<p><span class=\"wpcf7-form-control-wrap konu\"><input type=\"text\" name=\"konu\" value=\"\" size=\"40\" class=\"wpcf7-form-control wpcf7-text\" aria-invalid=\"false\" placeholder=\"Konu\" \/><\/span><\/p>\n<\/div>\n<div class=\"col-md-6 col-xs-12 col-sm-12 mf-textarea-field\">\n<p><span class=\"wpcf7-form-control-wrap comment\"><textarea name=\"comment\" cols=\"40\" rows=\"10\" class=\"wpcf7-form-control wpcf7-textarea\" aria-invalid=\"false\" placeholder=\"Mesaj\u0131n\u0131z...\"><\/textarea><\/span><\/p>\n<\/div>\n<div class=\"text-center mf-submit col-md-12 col-xs-12 col-sm-12\"><input type=\"submit\" value=\"G\u00f6nder\" class=\"wpcf7-form-control wpcf7-submit\" \/><\/div>\n<\/div>\n<\/div>\n<div class=\"wpcf7-response-output\" aria-hidden=\"true\"><\/div><\/form><\/div><\/div><div class=\"mf-empty-space \" style=\"\"><div class=\"mf_empty_space_lg\"  style=\"height: 80px\"><\/div><div class=\"mf_empty_space_md\"  style=\"height: 50px\"><\/div><div class=\"mf_empty_space_xs\"  style=\"height: 50px\"><\/div><\/div>[\/vc_column][\/vc_row]<\/p>\n<p><\/p>","protected":false},"excerpt":{"rendered":"<p>[vc_row full_width=&#8221;stretch_row_content_no_spaces&#8221;][vc_column][vc_gmaps link=&#8221;#E-8_JTNDaWZyYW1lJTIwc3JjJTNEJTIyaHR0cHMlM0ElMkYlMkZ3d3cuZ29vZ2xlLmNvbSUyRm1hcHMlMkZlbWJlZCUzRnBiJTNEJTIxMW0xOCUyMTFtMTIlMjExbTMlMjExZDMwMTkuODcxMjkxODMxNjA3JTIxMmQyOS40NTYwMzIzMTU2NTc2NyUyMTNkNDAuODA4ODIyMDM5NjIyODk2JTIxMm0zJTIxMWYwJTIxMmYwJTIxM2YwJTIxM20yJTIxMWkxMDI0JTIxMmk3NjglMjE0ZjEzLjElMjEzbTMlMjExbTIlMjExczB4MTRjYjIwZGMyNjAyMzQ4ZiUyNTNBMHg1MjY5NTQ3ZGEyOWJhYmNhJTIxMnNTdWx0YW4lMjUyME9yaGFuJTI1MkMlMjUyMDExNzAuJTI1MjBTay4lMjUyME5vJTI1M0ExNCUyNTJDJTI1MjA0MTQwMCUyNTIwR2ViemUlMjUyRktvY2FlbGklMjE1ZTAlMjEzbTIlMjExc3RyJTIxMnN0ciUyMTR2MTU3MzE5ODY3NTM2NyUyMTVtMiUyMTFzdHIlMjEyc3RyJTIyJTIwd2lkdGglM0QlMjI2MDAlMjIlMjBoZWlnaHQlM0QlMjI0NTAlMjIlMjBmcmFtZWJvcmRlciUzRCUyMjAlMjIlMjBzdHlsZSUzRCUyMmJvcmRlciUzQTAlMjIlMjBhbGxvd2Z1bGxzY3JlZW4lM0UlM0MlMkZpZnJhbWUlM0U=&#8221;][\/vc_column][\/vc_row][vc_row][vc_column][\/vc_column][\/vc_row][vc_row][vc_column][\/vc_column][\/vc_row][vc_row][vc_column width=&#8221;1\/3&#8243;][\/vc_column][vc_column width=&#8221;2\/3&#8243;][\/vc_column][\/vc_row]<\/p>\n","protected":false},"author":1,"featured_media":0,"parent":0,"menu_order":0,"comment_status":"closed","ping_status":"closed","template":"template-fullwidth.php","meta":[],"_links":{"self":[{"href":"https:\/\/www.agometal.com\/tr\/wp-json\/wp\/v2\/pages\/4090"}],"collection":[{"href":"https:\/\/www.agometal.com\/tr\/wp-json\/wp\/v2\/pages"}],"about":[{"href":"https:\/\/www.agometal.com\/tr\/wp-json\/wp\/v2\/types\/page"}],"author":[{"embeddable":true,"href":"https:\/\/www.agometal.com\/tr\/wp-json\/wp\/v2\/users\/1"}],"replies":[{"embeddable":true,"href":"https:\/\/www.agometal.com\/tr\/wp-json\/wp\/v2\/comments?post=4090"}],"version-history":[{"count":11,"href":"https:\/\/www.agometal.com\/tr\/wp-json\/wp\/v2\/pages\/4090\/revisions"}],"predecessor-version":[{"id":4455,"href":"https:\/\/www.agometal.com\/tr\/wp-json\/wp\/v2\/pages\/4090\/revisions\/4455"}],"wp:attachment":[{"href":"https:\/\/www.agometal.com\/tr\/wp-json\/wp\/v2\/media?parent=4090"}],"curies":[{"name":"wp","href":"https:\/\/api.w.org\/{rel}","templated":true}]}}