{"id":44,"date":"2017-10-31T07:46:22","date_gmt":"2017-10-31T07:46:22","guid":{"rendered":"http:\/\/demo2.drfuri.com\/manufactory\/?page_id=44"},"modified":"2019-07-11T13:12:46","modified_gmt":"2019-07-11T10:12:46","slug":"hizmetlerimiz","status":"publish","type":"page","link":"https:\/\/www.agometal.com\/tr\/hizmetlerimiz\/","title":{"rendered":"Hizmetlerimiz"},"content":{"rendered":"<p>[vc_row][vc_column]<div class=\"mf-empty-space \" style=\"\"><div class=\"mf_empty_space_lg\"  style=\"height: 80px\"><\/div><div class=\"mf_empty_space_md\"  style=\"height: 50px\"><\/div><div class=\"mf_empty_space_xs\"  style=\"height: 50px\"><\/div><\/div>[\/vc_column][\/vc_row][vc_row][vc_column width=&#8221;1\/2&#8243;][vc_single_image image=&#8221;4344&#8243; img_size=&#8221;570&#215;450&#8243;]<div class=\"mf-empty-space \" style=\"\"><div class=\"mf_empty_space_lg\"  style=\"height: 50px\"><\/div><div class=\"mf_empty_space_md\"  style=\"height: 30px\"><\/div><div class=\"mf_empty_space_xs\"  style=\"height: 30px\"><\/div><\/div>[\/vc_column][vc_column width=&#8221;1\/2&#8243;][vc_custom_heading text=&#8221;Hizmetlerimiz;&#8221; font_container=&#8221;tag:h2|font_size:20|text_align:left&#8221; use_theme_fonts=&#8221;yes&#8221; el_class=&#8221;fw-medium&#8221; css=&#8221;.vc_custom_1562748433750{margin-top: 0px !important;margin-bottom: 0px !important;}&#8221;]<div class=\"mf-empty-space \" style=\"\"><div class=\"mf_empty_space_lg\"  style=\"height: 20px\"><\/div><div class=\"mf_empty_space_md\"  style=\"height: 20px\"><\/div><div class=\"mf_empty_space_xs\"  style=\"height: 20px\"><\/div><\/div>[vc_column_text]<\/p>\n<p class=\"db9fe9049761426654245bb2dd862eecMsoNormal\">Agometal trafo kompanentleri \u00fcretimi konusunda\u00a0 T\u00fcrkiye merkezli sekt\u00f6re y\u00f6n veren \u00f6nc\u00fc kurulu\u015f olup, hijyenik imalat profesyonel ekip mottas\u0131 ile uzun y\u0131llar Trafo komponantleri imalat\u0131 alan\u0131nda sekt\u00f6re hizmet vermi\u015f , arge \u00e7al\u0131\u015fmalar\u0131n\u0131 devam ettirmi\u015f h\u0131z kesmeden de devam eden , m\u00fc\u015fterisine sipari\u015fden teslimata kadar sorunsuz hizmet vermeyi hedefleyen kurulu\u015ftur.<\/p>\n<p class=\"db9fe9049761426654245bb2dd862eecMsoNormal\">Varolu\u015fundan bu yana her daim artan \u00fcretim kapasitesi ve kar marj\u0131 hedefleri ile siz de\u011ferli m\u00fc\u015fterilerine her zaman kaliteli i\u015f\u00e7ilik ve sorunsuz m\u00fc\u015fteri memnuniyeti sa\u011flamak i\u00e7in her dakika \u00e7al\u0131\u015fmaktad\u0131r.<\/p>\n<p class=\"db9fe9049761426654245bb2dd862eecMsoNormal\">Trafo kompanentleri alan\u0131nda sipari\u015f dilek yada iste\u011finizi bizimle payla\u015ft\u0131\u011f\u0131n\u0131z anda size en k\u0131sa zamanda d\u00f6n\u00fc\u015f sa\u011flan\u0131r sipari\u015ften teslimata trafo komponantleri alan\u0131nda sorunsuz m\u00fc\u015fteri memnuniyeti sa\u011flanarak hizmet verilir.<\/p>\n<p>[\/vc_column_text]<div class=\"mf-empty-space \" style=\"\"><div class=\"mf_empty_space_lg\"  style=\"height: 50px\"><\/div><div class=\"mf_empty_space_md\"  style=\"height: 30px\"><\/div><div class=\"mf_empty_space_xs\"  style=\"height: 30px\"><\/div><\/div>[vc_column_text]<\/p>\n<div style=\"font-size: 20px; font-weight: 500; color: #393939;\">AGO METAL<\/div>\n<div class=\"main-color\" style=\"font-weight: 400;\">Lider Firma<\/div>\n<p>[\/vc_column_text]<div class=\"mf-empty-space \" style=\"\"><div class=\"mf_empty_space_lg\"  style=\"height: 30px\"><\/div><div class=\"mf_empty_space_md\"  style=\"height: 25px\"><\/div><div class=\"mf_empty_space_xs\"  style=\"height: 25px\"><\/div><\/div>[\/vc_column][\/vc_row][vc_row equal_height=&#8221;yes&#8221; content_placement=&#8221;middle&#8221; enable_parallax=&#8221;yes&#8221; css=&#8221;.vc_custom_1515471913255{padding-top: 50px !important;padding-bottom: 50px !important;background-image: url(http:\/\/demo2.steelthemes.com\/induscity\/wp-content\/uploads\/sites\/9\/2017\/10\/action-bg-1.jpg?id=108) !important;}&#8221;][vc_column offset=&#8221;vc_col-lg-9 vc_col-md-8&#8243;][vc_custom_heading text=&#8221;DAHA FAZLA B\u0130LG\u0130 ALMAK \u0130\u00c7\u0130N \u0130LET\u0130\u015e\u0130ME GE\u00c7\u0130N\u0130Z&#8221; font_container=&#8221;tag:h2|font_size:20|text_align:left&#8221; use_theme_fonts=&#8221;yes&#8221; el_class=&#8221;fw-medium main-color&#8221; css=&#8221;.vc_custom_1558299177676{margin-top: 0px !important;margin-bottom: 0px !important;}&#8221;]<div class=\"mf-empty-space \" style=\"\"><div class=\"mf_empty_space_lg\" ><\/div><div class=\"mf_empty_space_md\" ><\/div><div class=\"mf_empty_space_xs\"  style=\"height: 30px\"><\/div><\/div>[\/vc_column][vc_column offset=&#8221;vc_col-lg-3 vc_col-md-4&#8243;]<div class=\"mf-button align-right style-1 \"><a class=\"button mf-btn\" href=\"http:\/\/agometal.tk\/iletisim\/\">\u0130LET\u0130\u015e\u0130M<\/a><\/div>[\/vc_column][\/vc_row]<\/p>","protected":false},"excerpt":{"rendered":"<p>[vc_row][vc_column][\/vc_column][\/vc_row][vc_row][vc_column width=&#8221;1\/2&#8243;][vc_single_image image=&#8221;4344&#8243; img_size=&#8221;570&#215;450&#8243;][\/vc_column][vc_column width=&#8221;1\/2&#8243;][vc_custom_heading text=&#8221;Hizmetlerimiz;&#8221; font_container=&#8221;tag:h2|font_size:20|text_align:left&#8221; use_theme_fonts=&#8221;yes&#8221; el_class=&#8221;fw-medium&#8221; css=&#8221;.vc_custom_1562748433750{margin-top: 0px !important;margin-bottom: 0px !important;}&#8221;][vc_column_text] Agometal trafo kompanentleri \u00fcretimi konusunda\u00a0 T\u00fcrkiye merkezli sekt\u00f6re y\u00f6n veren \u00f6nc\u00fc kurulu\u015f olup, hijyenik imalat profesyonel ekip mottas\u0131 ile uzun y\u0131llar Trafo komponantleri imalat\u0131 alan\u0131nda sekt\u00f6re hizmet vermi\u015f , arge \u00e7al\u0131\u015fmalar\u0131n\u0131 devam ettirmi\u015f h\u0131z kesmeden de devam eden , m\u00fc\u015fterisine sipari\u015fden [&hellip;]<\/p>\n","protected":false},"author":1,"featured_media":0,"parent":0,"menu_order":0,"comment_status":"closed","ping_status":"closed","template":"template-fullwidth.php","meta":[],"_links":{"self":[{"href":"https:\/\/www.agometal.com\/tr\/wp-json\/wp\/v2\/pages\/44"}],"collection":[{"href":"https:\/\/www.agometal.com\/tr\/wp-json\/wp\/v2\/pages"}],"about":[{"href":"https:\/\/www.agometal.com\/tr\/wp-json\/wp\/v2\/types\/page"}],"author":[{"embeddable":true,"href":"https:\/\/www.agometal.com\/tr\/wp-json\/wp\/v2\/users\/1"}],"replies":[{"embeddable":true,"href":"https:\/\/www.agometal.com\/tr\/wp-json\/wp\/v2\/comments?post=44"}],"version-history":[{"count":12,"href":"https:\/\/www.agometal.com\/tr\/wp-json\/wp\/v2\/pages\/44\/revisions"}],"predecessor-version":[{"id":4420,"href":"https:\/\/www.agometal.com\/tr\/wp-json\/wp\/v2\/pages\/44\/revisions\/4420"}],"wp:attachment":[{"href":"https:\/\/www.agometal.com\/tr\/wp-json\/wp\/v2\/media?parent=44"}],"curies":[{"name":"wp","href":"https:\/\/api.w.org\/{rel}","templated":true}]}}